{"id":645,"date":"2023-02-20T21:04:19","date_gmt":"2023-02-20T19:04:19","guid":{"rendered":"https:\/\/www.iinmetsastysyhdistys.fi\/?page_id=645"},"modified":"2026-04-09T22:48:05","modified_gmt":"2026-04-09T20:48:05","slug":"haulikkorata","status":"publish","type":"page","link":"https:\/\/www.iinmetsastysyhdistys.fi\/?page_id=645","title":{"rendered":"Haulikkorata &#8211; varauskalenteri"},"content":{"rendered":"\n<p>Haulikkoradan vastaava on Teemu Sorakangas. Koulutusta heittimien k\u00e4ytt\u00f6\u00f6n voi kysy\u00e4 my\u00f6s Jouni Klaar.<\/p>\n\n\n\n<p>Radan heittimi\u00e4 vuokrataan j\u00e4senille hintaa 3\u20ac\/kierros ja ulkopuolisille 4\u20ac\/kierros.<\/p>\n\n\n\n<p>Seura pyrkii kannustamaan nuoria lajin pariin ja harjoittelemaan ammuntataitoja. Alle 18v seuran j\u00e4sen 1e\/kierros.<\/p>\n\n\n\n<p>Haulikkorataa voi varata seurat, yhdistykset ja firmat hintaan 20e\/kerta\/2h. Lis\u00e4tunnit 10h\/h. Lis\u00e4ksi laskutetaan heittimien k\u00e4yt\u00f6st\u00e4 yll\u00e4olevan hinnaston mukaisesti toteutuneiden heitinkierrosten mukaan. Ratavaraukset Sami Junnilan kautta, jotta n\u00e4kyv\u00e4t kalenterissa. Mieluusti v\u00e4hint\u00e4\u00e4n 5-7 p\u00e4iv\u00e4\u00e4 etuk\u00e4teen. Jos rata on vapaa sinne voi seuran j\u00e4senet menn\u00e4 ilmaiseksi k\u00e4siheittimen kanssa. Seuraan kuulumattomilla tulee olla A-radan kausilupa maksettuna mik\u00e4li kyseess\u00e4 ei ole varattu vuoro jolloin radan k\u00e4yt\u00f6st\u00e4 jo maksetaan vuokra-perusteisesti. <\/p>\n\n\n\n<p>Haulikkoradalle odotuskoppiin on asennettu avainboksi, josta vuoron varanneet voi noutaa ja palauttaa heitintornien avaimen koodia vastaan. Koodin pyyt\u00e4j\u00e4 on vuoron varaaja ja varaajan yhteystiedot tulee olla kalenterin yll\u00e4pit\u00e4j\u00e4ll\u00e4 laskutusta varten.<\/p>\n\n\n\n<p><strong>VAKIOVUOROT JA RATAVARAUKSET<\/strong><\/p>\n\n\n\n<figure class=\"wp-block-table\"><table class=\"has-fixed-layout\"><tbody><tr><td><strong>Viikonp\u00e4iv\u00e4<\/strong><\/td><td><strong>Varattu<\/strong><\/td><td><strong>Kellonaika<\/strong><\/td><\/tr><tr><td>Maanantai<\/td><td><\/td><td><\/td><\/tr><tr><td>Tiistai<\/td><td><\/td><td><\/td><\/tr><tr><td>Keskiviikko<\/td><td>15.4. siivoustalkoot<\/td><td>17-19<\/td><\/tr><tr><td>Torstai<\/td><td><\/td><td><\/td><\/tr><tr><td>Perjantai<\/td><td>30.7.<\/td><td>Koko p\u00e4iv\u00e4, K\u00e4rkk\u00e4inen asetapahtuma<\/td><\/tr><tr><td>Lauantai<\/td><td><\/td><td><\/td><\/tr><tr><td>Sunnuntai<\/td><td><\/td><td><\/td><\/tr><\/tbody><\/table><\/figure>\n\n\n\n<p><\/p>\n","protected":false},"excerpt":{"rendered":"<p>Haulikkoradan vastaava on Teemu Sorakangas. Koulutusta heittimien k\u00e4ytt\u00f6\u00f6n voi kysy\u00e4 my\u00f6s Jouni Klaar. Radan heittimi\u00e4 vuokrataan j\u00e4senille hintaa 3\u20ac\/kierros ja ulkopuolisille 4\u20ac\/kierros. Seura pyrkii kannustamaan nuoria lajin pariin ja harjoittelemaan ammuntataitoja. Alle 18v seuran j\u00e4sen 1e\/kierros. Haulikkorataa voi varata seurat, yhdistykset ja firmat hintaan 20e\/kerta\/2h. Lis\u00e4tunnit 10h\/h. Lis\u00e4ksi laskutetaan heittimien k\u00e4yt\u00f6st\u00e4 yll\u00e4olevan hinnaston mukaisesti toteutuneiden &hellip; <a href=\"https:\/\/www.iinmetsastysyhdistys.fi\/?page_id=645\" class=\"more-link\">Jatka lukemista <span class=\"screen-reader-text\">Haulikkorata &#8211; varauskalenteri<\/span> <span class=\"meta-nav\">&rarr;<\/span><\/a><\/p>\n","protected":false},"author":2,"featured_media":0,"parent":0,"menu_order":0,"comment_status":"closed","ping_status":"closed","template":"","meta":{"footnotes":""},"class_list":["post-645","page","type-page","status-publish","hentry"],"jetpack_sharing_enabled":true,"_links":{"self":[{"href":"https:\/\/www.iinmetsastysyhdistys.fi\/index.php?rest_route=\/wp\/v2\/pages\/645","targetHints":{"allow":["GET"]}}],"collection":[{"href":"https:\/\/www.iinmetsastysyhdistys.fi\/index.php?rest_route=\/wp\/v2\/pages"}],"about":[{"href":"https:\/\/www.iinmetsastysyhdistys.fi\/index.php?rest_route=\/wp\/v2\/types\/page"}],"author":[{"embeddable":true,"href":"https:\/\/www.iinmetsastysyhdistys.fi\/index.php?rest_route=\/wp\/v2\/users\/2"}],"replies":[{"embeddable":true,"href":"https:\/\/www.iinmetsastysyhdistys.fi\/index.php?rest_route=%2Fwp%2Fv2%2Fcomments&post=645"}],"version-history":[{"count":44,"href":"https:\/\/www.iinmetsastysyhdistys.fi\/index.php?rest_route=\/wp\/v2\/pages\/645\/revisions"}],"predecessor-version":[{"id":1379,"href":"https:\/\/www.iinmetsastysyhdistys.fi\/index.php?rest_route=\/wp\/v2\/pages\/645\/revisions\/1379"}],"wp:attachment":[{"href":"https:\/\/www.iinmetsastysyhdistys.fi\/index.php?rest_route=%2Fwp%2Fv2%2Fmedia&parent=645"}],"curies":[{"name":"wp","href":"https:\/\/api.w.org\/{rel}","templated":true}]}}