{"id":615,"date":"2023-02-13T19:33:06","date_gmt":"2023-02-13T17:33:06","guid":{"rendered":"https:\/\/www.iinmetsastysyhdistys.fi\/?page_id=615"},"modified":"2026-04-09T22:39:39","modified_gmt":"2026-04-09T20:39:39","slug":"ampumarata","status":"publish","type":"page","link":"https:\/\/www.iinmetsastysyhdistys.fi\/?page_id=615","title":{"rendered":"Ampumarata"},"content":{"rendered":"\n<p>Iin Mets\u00e4stysyhdistys RY omistaa ampumaradalla sijaitsevat haulikko- ja kiv\u00e4\u00e4riradat. Rata sijaitsee osoitteessa Iilaaksontie 2, 91100 Ii.<\/p>\n\n\n\n<p>Ampumarata on j\u00e4senist\u00f6n vapaassa k\u00e4yt\u00f6ss\u00e4 pois lukien erilaiset tapahtumat, ohjatut ammunnat ja mahdolliset vakiovuorot. Vakiovuoroa voivat anoa seurat ja yhdistykset a-ratavastaavalta. Vuoron my\u00f6nt\u00e4misest\u00e4 p\u00e4\u00e4tt\u00e4\u00e4 viimek\u00e4dess\u00e4 yhdistyksen johtokunta.<\/p>\n\n\n\n<p>Ampumaradan ohjeet ja s\u00e4\u00e4nn\u00f6t l\u00f6ytyv\u00e4t my\u00f6s ampumaradalta. S\u00e4\u00e4nt\u00f6j\u00e4 noudattamatta j\u00e4tt\u00e4minen voi johtaa toimenpiteisiin. Ampumarataan ja ammuntaan liittyviss\u00e4 kysymyksiss\u00e4 lis\u00e4tietoa antaa A-ratavastaava Sami Junnila.<\/p>\n\n\n\n<p><\/p>\n\n\n\n<p>Ampumaradan k\u00e4ytt\u00f6ajat<\/p>\n\n\n\n<p><\/p>\n\n\n\n<ul class=\"wp-block-list\">\n<li>Arkisin kello 9:00 &#8211; 21:00<\/li>\n\n\n\n<li>Sunnuntaisin 12:00 &#8211; 20:00<\/li>\n\n\n\n<li>Arki- ja juhlapyh\u00e4t: EI ruutiaseammuntaa (\u00e4\u00e4net\u00f6n toiminta kuten ilma-ase ja jousiammunta yms. sallittu)<\/li>\n<\/ul>\n\n\n\n<p><strong>Arki-ja juhlapyh\u00e4t<\/strong><\/p>\n\n\n\n<ul class=\"wp-block-list\">\n<li>Uudenvuoden p\u00e4iv\u00e4 (1.1.)<\/li>\n\n\n\n<li>Loppiainen (6.1.)<\/li>\n\n\n\n<li>Pitk\u00e4perjantai<\/li>\n\n\n\n<li>Ensimm\u00e4inen p\u00e4\u00e4si\u00e4isp\u00e4iv\u00e4<\/li>\n\n\n\n<li>Toinen p\u00e4\u00e4si\u00e4isp\u00e4iv\u00e4<\/li>\n\n\n\n<li>Vappup\u00e4iv\u00e4 (1.5.)<\/li>\n\n\n\n<li>Helatorstai<\/li>\n\n\n\n<li>Helluntai<\/li>\n\n\n\n<li>Juhannusp\u00e4iv\u00e4<\/li>\n\n\n\n<li>Pyh\u00e4inp\u00e4iv\u00e4<\/li>\n\n\n\n<li>Suomen itsen\u00e4isyysp\u00e4iv\u00e4 (6.12.)<\/li>\n\n\n\n<li>Joulup\u00e4iv\u00e4 (25.12.)<\/li>\n\n\n\n<li>Tapaninp\u00e4iv\u00e4 (26.12.)<\/li>\n<\/ul>\n\n\n\n<p>Haulikkorata sijaitsee kiv\u00e4\u00e4riradan takana. Ymp\u00e4rist\u00f6luvan ehtojen mukaan haulikkoammunta kiv\u00e4\u00e4riradalla on ehdottomasti kielletty!<\/p>\n\n\n\n<p><a href=\"https:\/\/www.iinmetsastysyhdistys.fi\/?page_id=645\" target=\"_blank\" rel=\"noreferrer noopener\">https:\/\/www.iinmetsastysyhdistys.fi\/?page_id=645<\/a><\/p>\n\n\n\n<p>Kiv\u00e4\u00e4riradalla ampuminen on sallittu ainoastaan etuvallien v\u00e4liin j\u00e4\u00e4v\u00e4st\u00e4 aukosta kohti p\u00e4\u00e4tyvallia. Kts havaintokuva alla.<\/p>\n\n\n\n<p><a rel=\"noreferrer noopener\" href=\"https:\/\/www.iinmetsastysyhdistys.fi\/?page_id=652\" target=\"_blank\">https:\/\/www.iinmetsastysyhdistys.fi\/?page_id=652<\/a><\/p>\n\n\n<div class=\"wp-block-image\">\n<figure class=\"aligncenter size-full\"><a href=\"https:\/\/www.iinmetsastysyhdistys.fi\/wp-content\/uploads\/A-rata-kuvaus-v4.png\"><img loading=\"lazy\" decoding=\"async\" width=\"1772\" height=\"736\" src=\"https:\/\/www.iinmetsastysyhdistys.fi\/wp-content\/uploads\/A-rata-kuvaus-v4.png\" alt=\"\" class=\"wp-image-1188\" srcset=\"https:\/\/www.iinmetsastysyhdistys.fi\/wp-content\/uploads\/A-rata-kuvaus-v4.png 1772w, https:\/\/www.iinmetsastysyhdistys.fi\/wp-content\/uploads\/A-rata-kuvaus-v4-300x125.png 300w, https:\/\/www.iinmetsastysyhdistys.fi\/wp-content\/uploads\/A-rata-kuvaus-v4-1024x425.png 1024w, https:\/\/www.iinmetsastysyhdistys.fi\/wp-content\/uploads\/A-rata-kuvaus-v4-1536x638.png 1536w\" sizes=\"auto, (max-width: 1772px) 100vw, 1772px\" \/><\/a><\/figure>\n<\/div>\n\n\n<p><strong>RATAMAKSU 1.8.2025 alkaen seuraan kuulumattomilta radan k\u00e4ytt\u00e4jilt\u00e4<\/strong><\/p>\n\n\n\n<p>Iin Mets\u00e4stysyhdistys ry ottaa k\u00e4ytt\u00f6\u00f6n ampumaradan kausiluvan. Lupa koskee kutakin kalenterivuotta ja koskee yhdistykseen kuulumattomia ampumaradan k\u00e4ytt\u00e4ji\u00e4, jotka k\u00e4ytt\u00e4v\u00e4t a-rataa ohjattujen tai varattujen vuorojen ulkopuolella.<\/p>\n\n\n\n<p>Kausilupa on 20\u20ac \/ henkil\u00f6.<br>A-radan kausimaksu maksetaan yhdistyksen tilille. Kausimaksu astuu voimaan 1.8.2025.<br>Kausilupa ei koske viranomaisia kuten poliisi tai rajavartiosto.<\/p>\n\n\n\n<p><strong>Saaja: Iin Mets\u00e4stysyhdistys ry<br>Tilinumero: FI24 5350 0240 0009 97<br>Viite: A-rata 2026 Oma Nimi<\/strong><\/p>\n\n\n\n<p>Kuitti tai kuvankaappaus maksetusta suorituksesta tulee pit\u00e4\u00e4 mukana a-radalla olessa.<\/p>\n\n\n\n<p>Maksuun on jouduttu menem\u00e4\u00e4n kallistuneiden lupamaksujen ja nousseiden radan hoitokulujen ja j\u00e4temaksujen my\u00f6t\u00e4.<\/p>\n\n\n\n<p>Jos radalla on erillinen varattu vuoro ampumaradan varauskalenterin kautta, laskutus hoidetaan seuroille (varaajalle) erikseen voimassaolevan tuntiveloituksen mukaan, eik\u00e4 t\u00e4ll\u00f6in sellaiseen vuoroon osallistuvalta edellytet\u00e4 erillist\u00e4 kausimaksua.<\/p>\n\n\n\n<p>Esimerkki 1: Hirviporukka A varaa kiv\u00e4\u00e4riradan kolmeksi tunniksi liikkuvaa hirvi-ammuntaa varten. Radan k\u00e4yt\u00f6st\u00e4 laskutetaan 30e ja kaikki ko. Hirviporukka A kuuluvat henkil\u00f6t voivat ampua ko. Varattuna aikana riippumatta siit\u00e4 kuuluvatko Iin Mets\u00e4stysyhdistykseen vaiko eiv\u00e4t.<\/p>\n\n\n\n<p>Esimerkki 2: &#8217;Lintumiehet seurue&#8217; varaa haulikkoradan ja heittimet kahdeksi tunniksi. Lintumiehet maksavat radan k\u00e4yt\u00f6st\u00e4 20e sek\u00e4 lis\u00e4ksi kiekoista ja heittimien k\u00e4yt\u00f6st\u00e4 toteutuneiden kierrosten lukum\u00e4\u00e4r\u00e4n mukaisesti. Lintumiehiss\u00e4 voi olla seuraan kuulumattomia j\u00e4seneni\u00e4 joilta heitinkierros on hieman kalliimpi mutta kausilupaa ei tarvita.<\/p>\n\n\n\n<p>Esimerkki 3: Ohjatulla vuorolla esim. Reservil\u00e4isten varattuna vuorona, RHY varaamana esim. Merkkiammunnat kausilupaa ei tarvia.<\/p>\n\n\n\n<p>Jos asiasta on kysytt\u00e4\u00e4 ole yhteydess\u00e4 Iin Mets\u00e4stysyhdistyksen hallitukseen tai suoraan a-radan vastuuhenkil\u00f6\u00f6n eli Sami Junnila 040-592 7540. Parhaiten tavoittaa WhatsApp:lla.<\/p>\n\n\n\n<p><\/p>\n\n\n\n<p>MUISTA siivota j\u00e4lkesi!<\/p>\n\n\n\n<p>Lis\u00e4tietoja ampumaradoista, s\u00e4\u00e4nn\u00f6ist\u00e4 ja turvallisuudesta ampumaradoilla:<\/p>\n\n\n\n<p><a href=\"https:\/\/metsastajaliitto.fi\/metsastajalle\/metsastysammunnan-abc\/ampumaradat\">https:\/\/metsastajaliitto.fi\/metsastajalle\/metsastysammunnan-abc\/ampumaradat<\/a><\/p>\n","protected":false},"excerpt":{"rendered":"<p>Iin Mets\u00e4stysyhdistys RY omistaa ampumaradalla sijaitsevat haulikko- ja kiv\u00e4\u00e4riradat. Rata sijaitsee osoitteessa Iilaaksontie 2, 91100 Ii. Ampumarata on j\u00e4senist\u00f6n vapaassa k\u00e4yt\u00f6ss\u00e4 pois lukien erilaiset tapahtumat, ohjatut ammunnat ja mahdolliset vakiovuorot. Vakiovuoroa voivat anoa seurat ja yhdistykset a-ratavastaavalta. Vuoron my\u00f6nt\u00e4misest\u00e4 p\u00e4\u00e4tt\u00e4\u00e4 viimek\u00e4dess\u00e4 yhdistyksen johtokunta. Ampumaradan ohjeet ja s\u00e4\u00e4nn\u00f6t l\u00f6ytyv\u00e4t my\u00f6s ampumaradalta. S\u00e4\u00e4nt\u00f6j\u00e4 noudattamatta j\u00e4tt\u00e4minen voi johtaa &hellip; <a href=\"https:\/\/www.iinmetsastysyhdistys.fi\/?page_id=615\" class=\"more-link\">Jatka lukemista <span class=\"screen-reader-text\">Ampumarata<\/span> <span class=\"meta-nav\">&rarr;<\/span><\/a><\/p>\n","protected":false},"author":2,"featured_media":0,"parent":0,"menu_order":0,"comment_status":"closed","ping_status":"closed","template":"","meta":{"footnotes":""},"class_list":["post-615","page","type-page","status-publish","hentry"],"jetpack_sharing_enabled":true,"_links":{"self":[{"href":"https:\/\/www.iinmetsastysyhdistys.fi\/index.php?rest_route=\/wp\/v2\/pages\/615","targetHints":{"allow":["GET"]}}],"collection":[{"href":"https:\/\/www.iinmetsastysyhdistys.fi\/index.php?rest_route=\/wp\/v2\/pages"}],"about":[{"href":"https:\/\/www.iinmetsastysyhdistys.fi\/index.php?rest_route=\/wp\/v2\/types\/page"}],"author":[{"embeddable":true,"href":"https:\/\/www.iinmetsastysyhdistys.fi\/index.php?rest_route=\/wp\/v2\/users\/2"}],"replies":[{"embeddable":true,"href":"https:\/\/www.iinmetsastysyhdistys.fi\/index.php?rest_route=%2Fwp%2Fv2%2Fcomments&post=615"}],"version-history":[{"count":15,"href":"https:\/\/www.iinmetsastysyhdistys.fi\/index.php?rest_route=\/wp\/v2\/pages\/615\/revisions"}],"predecessor-version":[{"id":1375,"href":"https:\/\/www.iinmetsastysyhdistys.fi\/index.php?rest_route=\/wp\/v2\/pages\/615\/revisions\/1375"}],"wp:attachment":[{"href":"https:\/\/www.iinmetsastysyhdistys.fi\/index.php?rest_route=%2Fwp%2Fv2%2Fmedia&parent=615"}],"curies":[{"name":"wp","href":"https:\/\/api.w.org\/{rel}","templated":true}]}}