{"id":31,"date":"2014-09-30T13:38:12","date_gmt":"2014-09-30T11:38:12","guid":{"rendered":"http:\/\/www.iinmetsastysyhdistys.fi\/wordpress\/?page_id=31"},"modified":"2025-03-31T00:42:19","modified_gmt":"2025-03-30T22:42:19","slug":"etusivu","status":"publish","type":"page","link":"https:\/\/www.iinmetsastysyhdistys.fi\/","title":{"rendered":"Etusivu"},"content":{"rendered":"\n<p><\/p>\n\n\n\n<p>Iin Mets\u00e4stysyhdistys Ry on 1903 perustettu perinteik\u00e4s mets\u00e4stysseura. Iin Mets\u00e4stysyhdistys Ry:ss\u00e4 on n. 900 j\u00e4sent\u00e4 joista noin puolet on maanomistaj\u00e4seni\u00e4. Iin Mets\u00e4stysyhdistys Ry:n johtokunnan puheenjohtajana toimii Sami Erkkil\u00e4.<\/p>\n\n\n\n<p>Iin Mets\u00e4stysyhdistys Ry:ll\u00e4 on p\u00e4\u00e4osin yksityisilt\u00e4 maanomistajilta vuokrattuja mets\u00e4stysalueita yli 15.000 hehtaaria.<\/p>\n\n\n\n<p>Iin Mets\u00e4stysyhdistys Ry kokoontuu s\u00e4\u00e4nt\u00f6m\u00e4\u00e4r\u00e4isiin kokoksiin kaksi kertaa vuodessa. Kes\u00e4kokous pidet\u00e4\u00e4n ennen mets\u00e4styskauden alkua ja talvikokous tammi\u00ad, helmikuun vaihteessa.<\/p>\n\n\n\n<p>Iin Mets\u00e4stysyhdistys Ry:ss\u00e4 toimii aktiivisesti kennel-\u00ad, ampuma-\u00ad\u00ad, jousiammunta-, riistanhoito\u00ad- sek\u00e4 valvontajaostot. Jousiammuntajaosto sek\u00e4 haulikkojaosto toimii ampumajaoston alajaostona<\/p>\n\n\n\n<p>Iin Mets\u00e4stysyhdistys Ry omistaa hirvi- ja kiv\u00e4\u00e4riradan, mets\u00e4stysmajan sek\u00e4 samalla tontilla sijaitsevan saunarakennuksen. Mets\u00e4stysmajaa ja\/tai saunaa on mahdollista vuokrata erilasiin tapahtumiin. Vuokraukseen liittyviss\u00e4 asioissa lis\u00e4tietoa antaa majais\u00e4nt\u00e4 Jukka Rahkola.<\/p>\n\n\n\n<p>Ampumaradalla j\u00e4rjestet\u00e4\u00e4n koeammuntoja sek\u00e4 harjoitusammuntoja hirviradalla sek\u00e4 haulikkoradalla. Hirvikoe-ammuntojen aikatauluista lis\u00e4tietoa l\u00f6yd\u00e4t riistaweb sivustolta. Muista ammunnoista ja ratavuoroista ilmoitetaan Ampumarata-osiossa Iin Mets\u00e4stysyhdistys Ry:n nettisivuilta.<\/p>\n\n\n\n<p>Iin Mets\u00e4stysyhdistys Ry j\u00e4seneksi voi hakea kaikki henkil\u00f6t jotka asuvat vakituisesti seuran alueella tai henkil\u00f6t joilla on mahdollista vuokrata Iin Mets\u00e4stysyhdistys Ry:lle mets\u00e4stysalueita. Alle 15-vuotiaat tarvitsevat huoltajan suostumuksen j\u00e4senhakemukseen.<\/p>\n\n\n\n<p>Mik\u00e4li asut Iin Mets\u00e4stysyhdistys Ry:n alueella ja haluat j\u00e4seneksi. <strong>Postita<\/strong> t\u00e4ytetty <a href=\"https:\/\/www.iinmetsastysyhdistys.fi\/?attachment_id=1012\">hakemus<\/a> sek\u00e4 virkatodistus josta ilmenee my\u00f6s osoitteesi osoitteeseen: Sami Erkkil\u00e4 Karhunsaarentie 62, 91100&nbsp;Ii.<\/p>\n\n\n\n<p>J\u00e4senhakemukset k\u00e4sitell\u00e4\u00e4n aina seuraavassa johtokunnan kokouksessa. Uudella j\u00e4senell\u00e4 on kahden kerran talkoovelvoite, joka on johtokunnan hyv\u00e4ksym\u00e4 kohde. T\u00e4llaisia ovat esimerkiksi A-radan ja majan siivous\/kunnostusty\u00f6t, riistanhoito-, kolmiolaskentavelvoitteen hoitaminen tai muu vastaava seuraa suoraan hy\u00f6dynt\u00e4v\u00e4 toiminta. Talkoovelvoitteen t\u00e4yttymisen j\u00e4lkeen astuu voimaan t\u00e4ydet j\u00e4senoikeudet.<\/p>\n\n\n\n<p>Mik\u00e4li pystyt vuokraamaan Iin Mets\u00e4stysyhdistys Ry:lle mets\u00e4stys alueita voit p\u00e4\u00e4st\u00e4 maanomistaj\u00e4seneksi. Lis\u00e4tietoa  Janne Paldanius (050-338 7361).<\/p>\n\n\n\n<p><\/p>\n","protected":false},"excerpt":{"rendered":"<p>Iin Mets\u00e4stysyhdistys Ry on 1903 perustettu perinteik\u00e4s mets\u00e4stysseura. Iin Mets\u00e4stysyhdistys Ry:ss\u00e4 on n. 900 j\u00e4sent\u00e4 joista noin puolet on maanomistaj\u00e4seni\u00e4. Iin Mets\u00e4stysyhdistys Ry:n johtokunnan puheenjohtajana toimii Sami Erkkil\u00e4. Iin Mets\u00e4stysyhdistys Ry:ll\u00e4 on p\u00e4\u00e4osin yksityisilt\u00e4 maanomistajilta vuokrattuja mets\u00e4stysalueita yli 15.000 hehtaaria. Iin Mets\u00e4stysyhdistys Ry kokoontuu s\u00e4\u00e4nt\u00f6m\u00e4\u00e4r\u00e4isiin kokoksiin kaksi kertaa vuodessa. Kes\u00e4kokous pidet\u00e4\u00e4n ennen mets\u00e4styskauden alkua ja &hellip; <a href=\"https:\/\/www.iinmetsastysyhdistys.fi\/\" class=\"more-link\">Jatka lukemista <span class=\"screen-reader-text\">Etusivu<\/span> <span class=\"meta-nav\">&rarr;<\/span><\/a><\/p>\n","protected":false},"author":1,"featured_media":0,"parent":0,"menu_order":0,"comment_status":"closed","ping_status":"closed","template":"","meta":{"footnotes":""},"class_list":["post-31","page","type-page","status-publish","hentry"],"jetpack_sharing_enabled":true,"_links":{"self":[{"href":"https:\/\/www.iinmetsastysyhdistys.fi\/index.php?rest_route=\/wp\/v2\/pages\/31","targetHints":{"allow":["GET"]}}],"collection":[{"href":"https:\/\/www.iinmetsastysyhdistys.fi\/index.php?rest_route=\/wp\/v2\/pages"}],"about":[{"href":"https:\/\/www.iinmetsastysyhdistys.fi\/index.php?rest_route=\/wp\/v2\/types\/page"}],"author":[{"embeddable":true,"href":"https:\/\/www.iinmetsastysyhdistys.fi\/index.php?rest_route=\/wp\/v2\/users\/1"}],"replies":[{"embeddable":true,"href":"https:\/\/www.iinmetsastysyhdistys.fi\/index.php?rest_route=%2Fwp%2Fv2%2Fcomments&post=31"}],"version-history":[{"count":34,"href":"https:\/\/www.iinmetsastysyhdistys.fi\/index.php?rest_route=\/wp\/v2\/pages\/31\/revisions"}],"predecessor-version":[{"id":1175,"href":"https:\/\/www.iinmetsastysyhdistys.fi\/index.php?rest_route=\/wp\/v2\/pages\/31\/revisions\/1175"}],"wp:attachment":[{"href":"https:\/\/www.iinmetsastysyhdistys.fi\/index.php?rest_route=%2Fwp%2Fv2%2Fmedia&parent=31"}],"curies":[{"name":"wp","href":"https:\/\/api.w.org\/{rel}","templated":true}]}}