{"id":20,"date":"2014-09-30T13:24:19","date_gmt":"2014-09-30T11:24:19","guid":{"rendered":"http:\/\/www.iinmetsastysyhdistys.fi\/wordpress\/?page_id=20"},"modified":"2025-09-05T20:36:36","modified_gmt":"2025-09-05T18:36:36","slug":"yhteystiedot","status":"publish","type":"page","link":"https:\/\/www.iinmetsastysyhdistys.fi\/?page_id=20","title":{"rendered":"Yhteystiedot"},"content":{"rendered":"\n<p><\/p>\n\n\n\n<p><strong>Johtokunta vastuualueineen<\/strong><\/p>\n\n\n\n<div class=\"wp-block-group\"><div class=\"wp-block-group__inner-container is-layout-constrained wp-block-group-is-layout-constrained\">\n<div class=\"wp-block-columns is-layout-flex wp-container-core-columns-is-layout-9d6595d7 wp-block-columns-is-layout-flex\">\n<div class=\"wp-block-column is-layout-flow wp-block-column-is-layout-flow\" style=\"flex-basis:100%\">\n<figure class=\"wp-block-table is-style-regular\"><table><tbody><tr><td><strong>Puheenjohtaja<\/strong><\/td><td>Sami Erkkil\u00e4<\/td><td>040-762 3158<\/td><\/tr><tr><td><strong>Varapuheenjohtaja<\/strong><\/td><td>Kauko Kantola<\/td><td>0400-137 573<\/td><\/tr><tr><td><strong>Rahastonhoitaja<\/strong><\/td><td>Janne Paldanius<\/td><td>050-338 7361<\/td><\/tr><tr><td><strong>Hallituksen j\u00e4sen<\/strong><br>&#8211; Majais\u00e4nt\u00e4<br>&#8211; Majan ja saunan vuokraus<br>&#8211; Sijainti: Iilaaksontie 2, 91100 Ii<\/td><td>Jukka Rahkola<\/td><td>0400-968 369<\/td><\/tr><tr><td><strong>Hallituksen j\u00e4sen<\/strong><br>&#8211; Kenneljaosto<\/td><td>Kimmo Keltam\u00e4ki<\/td><td>040-501 3398<\/td><\/tr><tr><td><strong>Hallituksen j\u00e4sen<\/strong><br>&#8211; Pienpetojen vastaanotto <br>&#8211; Vierasluvat<\/td><td>Janne Kantola<\/td><td> 040-183 4333<\/td><\/tr><tr><td><strong>Hallituksen j\u00e4sen<\/strong><br>&#8211; Ampumarata<br>&#8211; Internetsivut<\/td><td>Sami Junnila<\/td><td>040-592 7540<\/td><\/tr><\/tbody><\/table><\/figure>\n<\/div>\n<\/div>\n<\/div><\/div>\n\n\n\n<p>Yhdistyksen s\u00e4hk\u00f6postilistat:<\/p>\n\n\n\n<ul class=\"wp-block-list\">\n<li><a href=\"mailto:sihteeri@iinmetsastysyhdistys.fi\">sihteeri@iinmetsastysyhdistys.fi<\/a> (laskutusasiat)<\/li>\n\n\n\n<li><a href=\"mailto:johtokunta@iinmetsastysyhdistys.fi\">johtokunta@iinmetsastysyhdistys.fi<\/a> (j\u00e4senyyteen liittyv\u00e4t asiat)<\/li>\n\n\n\n<li><a href=\"mailto:yllapito@iinmetsastysyhdistys.fi\">yllapito@iinmetsastysyhdistys.fi<\/a> (nettisivut)<\/li>\n<\/ul>\n\n\n\n<hr class=\"wp-block-separator has-alpha-channel-opacity\"\/>\n\n\n\n<p><strong>Jaostot<\/strong><\/p>\n\n\n\n<figure class=\"wp-block-table\"><table class=\"has-fixed-layout\"><tbody><tr><td class=\"has-text-align-left\" data-align=\"left\"><strong>Ampumajaosto<\/strong><\/td><td><\/td><td><\/td><\/tr><tr><td class=\"has-text-align-left\" data-align=\"left\">&#8211; Puheenjohtaja<\/td><td>Sami Junnila<\/td><td>040-592 7540<\/td><\/tr><tr><td class=\"has-text-align-left\" data-align=\"left\">&#8211; Hirviammunnat<\/td><td>Teppo Kakkonen<\/td><td>0400-972 190<\/td><\/tr><tr><td class=\"has-text-align-left\" data-align=\"left\">&#8211; Haulikkoammunnat<\/td><td>Teemu Sorakangas<\/td><td>040-735 8786<\/td><\/tr><tr><td class=\"has-text-align-left\" data-align=\"left\">-Jousiammuntajaosto<\/td><td>Jani Kontio<\/td><td>040-566 4699<\/td><\/tr><tr><td class=\"has-text-align-left\" data-align=\"left\"><strong>Kenneljaosto<\/strong><\/td><td><a href=\"mailto:kimmokel@hotmail.com\">Kimmo Keltam\u00e4ki<\/a><\/td><td>040-501 3398<\/td><\/tr><tr><td class=\"has-text-align-left\" data-align=\"left\"><strong>Riistanhoitojaosto<\/strong><\/td><td>Alpo Kaisto<\/td><td>040-139 1725<\/td><\/tr><tr><td class=\"has-text-align-left\" data-align=\"left\"><strong>Valvontajaosto<\/strong><\/td><td>n.n.<\/td><td><\/td><\/tr><\/tbody><\/table><\/figure>\n\n\n\n<p><\/p>\n\n\n\n<p><strong>Muut<\/strong><\/p>\n\n\n\n<figure class=\"wp-block-table\"><table class=\"has-fixed-layout\"><tbody><tr><td>Kaurisvoudit<\/td><td>Janne Paldanius<br>Harri Kiiveri<\/td><td>050-338 7361<br>050-324 4007<\/td><\/tr><tr><td>Maanvuokraus<\/td><td>Janne Paldanius<br>Kimmo Keltam\u00e4ki<\/td><td>050-338 7361<br>040-501 3398<\/td><\/tr><\/tbody><\/table><\/figure>\n\n\n\n<p><\/p>\n","protected":false},"excerpt":{"rendered":"<p>Johtokunta vastuualueineen Puheenjohtaja Sami Erkkil\u00e4 040-762 3158 Varapuheenjohtaja Kauko Kantola 0400-137 573 Rahastonhoitaja Janne Paldanius 050-338 7361 Hallituksen j\u00e4sen&#8211; Majais\u00e4nt\u00e4&#8211; Majan ja saunan vuokraus&#8211; Sijainti: Iilaaksontie 2, 91100 Ii Jukka Rahkola 0400-968 369 Hallituksen j\u00e4sen&#8211; Kenneljaosto Kimmo Keltam\u00e4ki 040-501 3398 Hallituksen j\u00e4sen&#8211; Pienpetojen vastaanotto &#8211; Vierasluvat Janne Kantola 040-183 4333 Hallituksen j\u00e4sen&#8211; Ampumarata&#8211; Internetsivut Sami &hellip; <a href=\"https:\/\/www.iinmetsastysyhdistys.fi\/?page_id=20\" class=\"more-link\">Jatka lukemista <span class=\"screen-reader-text\">Yhteystiedot<\/span> <span class=\"meta-nav\">&rarr;<\/span><\/a><\/p>\n","protected":false},"author":1,"featured_media":0,"parent":0,"menu_order":2,"comment_status":"closed","ping_status":"closed","template":"","meta":{"footnotes":""},"class_list":["post-20","page","type-page","status-publish","hentry"],"jetpack_sharing_enabled":true,"_links":{"self":[{"href":"https:\/\/www.iinmetsastysyhdistys.fi\/index.php?rest_route=\/wp\/v2\/pages\/20","targetHints":{"allow":["GET"]}}],"collection":[{"href":"https:\/\/www.iinmetsastysyhdistys.fi\/index.php?rest_route=\/wp\/v2\/pages"}],"about":[{"href":"https:\/\/www.iinmetsastysyhdistys.fi\/index.php?rest_route=\/wp\/v2\/types\/page"}],"author":[{"embeddable":true,"href":"https:\/\/www.iinmetsastysyhdistys.fi\/index.php?rest_route=\/wp\/v2\/users\/1"}],"replies":[{"embeddable":true,"href":"https:\/\/www.iinmetsastysyhdistys.fi\/index.php?rest_route=%2Fwp%2Fv2%2Fcomments&post=20"}],"version-history":[{"count":36,"href":"https:\/\/www.iinmetsastysyhdistys.fi\/index.php?rest_route=\/wp\/v2\/pages\/20\/revisions"}],"predecessor-version":[{"id":1288,"href":"https:\/\/www.iinmetsastysyhdistys.fi\/index.php?rest_route=\/wp\/v2\/pages\/20\/revisions\/1288"}],"wp:attachment":[{"href":"https:\/\/www.iinmetsastysyhdistys.fi\/index.php?rest_route=%2Fwp%2Fv2%2Fmedia&parent=20"}],"curies":[{"name":"wp","href":"https:\/\/api.w.org\/{rel}","templated":true}]}}