{"id":16,"date":"2014-09-30T11:13:24","date_gmt":"2014-09-30T11:13:24","guid":{"rendered":"http:\/\/www.iinmetsastysyhdistys.fi\/wordpress\/?page_id=16"},"modified":"2023-02-28T10:27:04","modified_gmt":"2023-02-28T08:27:04","slug":"ajankohtaista","status":"publish","type":"page","link":"https:\/\/www.iinmetsastysyhdistys.fi\/?page_id=16","title":{"rendered":"Uutiset"},"content":{"rendered":"<p>Ajankohtaiset asiat<\/p>\n\n\n<p><strong>HUOM:<\/strong><\/p>\n\n\n\n<p>Seura on siirtym\u00e4ss\u00e4 s\u00e4hk\u00f6postilaskutukseen. Tavoitteena on ker\u00e4t\u00e4 mahdollisimman monen j\u00e4senen s\u00e4hk\u00f6postiosoite. S\u00e4\u00e4st\u00f6 on merkitt\u00e4v\u00e4.<\/p>\n\n\n\n<p>Ilmoita s\u00e4hk\u00f6posti, osoitteesi ja puhelinnumerosi j\u00e4senrekisterin yll\u00e4pit\u00e4j\u00e4lle: <a href=\"mailto:teemu.sorakangas@gmail.com\">teemu.sorakangas@gmail.com<\/a>. S\u00e4hk\u00f6postin otsikko &#8221;yhteystiedot&#8221;.<\/p>\n","protected":false},"excerpt":{"rendered":"<p>Ajankohtaiset asiat HUOM: Seura on siirtym\u00e4ss\u00e4 s\u00e4hk\u00f6postilaskutukseen. Tavoitteena on ker\u00e4t\u00e4 mahdollisimman monen j\u00e4senen s\u00e4hk\u00f6postiosoite. S\u00e4\u00e4st\u00f6 on merkitt\u00e4v\u00e4. Ilmoita s\u00e4hk\u00f6posti, osoitteesi ja puhelinnumerosi j\u00e4senrekisterin yll\u00e4pit\u00e4j\u00e4lle: teemu.sorakangas@gmail.com. S\u00e4hk\u00f6postin otsikko &#8221;yhteystiedot&#8221;.<\/p>\n","protected":false},"author":1,"featured_media":0,"parent":0,"menu_order":1,"comment_status":"closed","ping_status":"closed","template":"","meta":{"footnotes":""},"class_list":["post-16","page","type-page","status-publish","hentry"],"jetpack_sharing_enabled":true,"_links":{"self":[{"href":"https:\/\/www.iinmetsastysyhdistys.fi\/index.php?rest_route=\/wp\/v2\/pages\/16","targetHints":{"allow":["GET"]}}],"collection":[{"href":"https:\/\/www.iinmetsastysyhdistys.fi\/index.php?rest_route=\/wp\/v2\/pages"}],"about":[{"href":"https:\/\/www.iinmetsastysyhdistys.fi\/index.php?rest_route=\/wp\/v2\/types\/page"}],"author":[{"embeddable":true,"href":"https:\/\/www.iinmetsastysyhdistys.fi\/index.php?rest_route=\/wp\/v2\/users\/1"}],"replies":[{"embeddable":true,"href":"https:\/\/www.iinmetsastysyhdistys.fi\/index.php?rest_route=%2Fwp%2Fv2%2Fcomments&post=16"}],"version-history":[{"count":10,"href":"https:\/\/www.iinmetsastysyhdistys.fi\/index.php?rest_route=\/wp\/v2\/pages\/16\/revisions"}],"predecessor-version":[{"id":684,"href":"https:\/\/www.iinmetsastysyhdistys.fi\/index.php?rest_route=\/wp\/v2\/pages\/16\/revisions\/684"}],"wp:attachment":[{"href":"https:\/\/www.iinmetsastysyhdistys.fi\/index.php?rest_route=%2Fwp%2Fv2%2Fmedia&parent=16"}],"curies":[{"name":"wp","href":"https:\/\/api.w.org\/{rel}","templated":true}]}}