{"id":1133,"date":"2024-10-01T17:14:21","date_gmt":"2024-10-01T15:14:21","guid":{"rendered":"https:\/\/www.iinmetsastysyhdistys.fi\/?page_id=1133"},"modified":"2025-05-09T16:23:27","modified_gmt":"2025-05-09T14:23:27","slug":"ratapaivakirja","status":"publish","type":"page","link":"https:\/\/www.iinmetsastysyhdistys.fi\/?page_id=1133","title":{"rendered":"Ratap\u00e4iv\u00e4kirja"},"content":{"rendered":"\n<p><\/p>\n\n\n\n<p><strong>Ohjeet ampumaratailmoituksen tekemiseen:<\/strong><\/p>\n\n\n\n<p>Viranomainen vaatii radan omistajaa seuraamaan radan k\u00e4ytt\u00f6\u00e4. Laukausten m\u00e4\u00e4r\u00e4\u00e4 vuositasolla seurataan ja radan<br>omistajan velvollisuuksiin kuuluu seurata, ett\u00e4 toteuma pysyy anotuissa rajoissa. Ratailmoitus kuuluu radan k\u00e4ytt\u00e4j\u00e4n velvollisuuksiin.<\/p>\n\n\n\n<figure class=\"wp-block-image size-large\"><img loading=\"lazy\" decoding=\"async\" width=\"1024\" height=\"768\" src=\"https:\/\/www.iinmetsastysyhdistys.fi\/wp-content\/uploads\/20240630_165109-1024x768.jpg\" alt=\"\" class=\"wp-image-1139\" srcset=\"https:\/\/www.iinmetsastysyhdistys.fi\/wp-content\/uploads\/20240630_165109-1024x768.jpg 1024w, https:\/\/www.iinmetsastysyhdistys.fi\/wp-content\/uploads\/20240630_165109-300x225.jpg 300w, https:\/\/www.iinmetsastysyhdistys.fi\/wp-content\/uploads\/20240630_165109-1536x1152.jpg 1536w, https:\/\/www.iinmetsastysyhdistys.fi\/wp-content\/uploads\/20240630_165109-2048x1536.jpg 2048w\" sizes=\"auto, (max-width: 1024px) 100vw, 1024px\" \/><\/figure>\n\n\n\n<p><br>T\u00e4yt\u00e4 lomake ja tiputa se t\u00e4ytettyn\u00e4 lukittuun (vasemmanpuoleiseen) laatikkoon. Tiedot on tarkoitettu ainoastaan ampumaradan omistajan (johtokunta) k\u00e4ytt\u00f6\u00f6n. Ratailmoituksista vastaa ampumaradan vastaavat henkil\u00f6t. Huomioithan, ett\u00e4 ampumaradan p\u00e4iv\u00e4kirjaa voi k\u00e4ytt\u00e4\u00e4 lis\u00e4ksi my\u00f6s poliisin hyv\u00e4ksym\u00e4 ampuma-asekouluttaja, jolla on oikeus kirjoittaa harrastukseen liittyvi\u00e4 asehankinta-puoltoja tai harrastuksen jatkumiseen liittyvi\u00e4 todistuksia. T\u00e4ll\u00f6in ratap\u00e4iv\u00e4kirja voi toimia todistuksena suoritetusta harrastuksesta. T\u00e4ll\u00f6in ilmoitus tulee olla virheett\u00f6m\u00e4sti tulkittavissa eik\u00e4 suttuinen nimmari, &#8221;esa&#8221; tai N.N.  tietenk\u00e4\u00e4n toimi kenellek\u00e4\u00e4n todisteena. T\u00e4m\u00e4 voi olla t\u00e4rke\u00e4\u00e4 ampumaurheiluperusteisissa aseissa tai uusissa mets\u00e4stysperusteisissa aseissa, joissa toimintatapa koodi on 3 (itselataava kertatuli). <\/p>\n\n\n\n<p><br>Yksin ampuva tekee ilmoituksen omasta suorituksestaan, muutoin kaveriporukasta tai <strong>seurueesta riitt\u00e4\u00e4 yksi ilmoitus<\/strong><br>k\u00e4ytetyist\u00e4 radoista, ampujien lukum\u00e4\u00e4r\u00e4st\u00e4 ja ammutuista laukauksista kokonaisuudessaan ratakohtaisesti. Ilmoitus on p\u00e4iv\u00e4kohtainen. Jos<br>k\u00e4y radalla esim. aamup\u00e4iv\u00e4ll\u00e4 ja my\u00f6hemmin saman p\u00e4iv\u00e4n iltana voi ratailmoitukset yhdist\u00e4\u00e4 mutta on huomioitava, ett\u00e4 mik\u00e4li<br>my\u00f6hempi harjoitus estyykin, on ilmoitus kuitenkin j\u00e4tett\u00e4v\u00e4 aamup\u00e4iv\u00e4n osalta. T\u00e4ll\u00e4 pyrit\u00e4\u00e4n v\u00e4hent\u00e4m\u00e4\u00e4n ilmoituslappujen m\u00e4\u00e4r\u00e4\u00e4.<\/p>\n\n\n\n<p><br>Ratailmoitukseen lasketaan Ojakyl\u00e4n ampumaradalla tapahtuvat ruutiaselaukaukset. Mik\u00e4li ratailmoituksesta tulee kysytt\u00e4v\u00e4\u00e4 voi olla yhteydess\u00e4 Johtokuntaan ja kiireellisiss\u00e4 asioissa suoraan<br>ampumaradan vastaaviin henkil\u00f6ihin. Ilmoita loppuneista lomakkeista tai muista ep\u00e4kohdista v\u00e4litt\u00f6m\u00e4sti vastaaville henkil\u00f6ille!!!<\/p>\n\n\n\n<p>Ilmoituslipukkeita voi my\u00f6s tulostaa itse ja esit\u00e4ytt\u00e4\u00e4 valmiiksi kotona. Ilmoituspohja ladattavissa t\u00e4\u00e4lt\u00e4:<\/p>\n\n\n\n<p><a href=\"https:\/\/www.iinmetsastysyhdistys.fi\/?attachment_id=1199\">https:\/\/www.iinmetsastysyhdistys.fi\/?attachment_id=1199<\/a><br><\/p>\n\n\n\n<ul class=\"wp-block-list\">\n<li>Kiv\u00e4\u00e4rirata: Sami Junnilan (040-592 7540)<\/li>\n\n\n\n<li>Haulikkorata: Teemu Sorakangas (040-735 8786)<\/li>\n<\/ul>\n\n\n\n<figure class=\"wp-block-image size-full\"><img loading=\"lazy\" decoding=\"async\" width=\"936\" height=\"311\" src=\"http:\/\/www.iinmetsastysyhdistys.fi\/wp-content\/uploads\/Tayttoesimerkki-kiv_pist.png\" alt=\"\" class=\"wp-image-1208\" srcset=\"https:\/\/www.iinmetsastysyhdistys.fi\/wp-content\/uploads\/Tayttoesimerkki-kiv_pist.png 936w, https:\/\/www.iinmetsastysyhdistys.fi\/wp-content\/uploads\/Tayttoesimerkki-kiv_pist-300x100.png 300w\" sizes=\"auto, (max-width: 936px) 100vw, 936px\" \/><\/figure>\n\n\n\n<figure class=\"wp-block-image size-full\"><img loading=\"lazy\" decoding=\"async\" width=\"936\" height=\"311\" src=\"http:\/\/www.iinmetsastysyhdistys.fi\/wp-content\/uploads\/Tayttoesimerkki-haul.png\" alt=\"\" class=\"wp-image-1207\" srcset=\"https:\/\/www.iinmetsastysyhdistys.fi\/wp-content\/uploads\/Tayttoesimerkki-haul.png 936w, https:\/\/www.iinmetsastysyhdistys.fi\/wp-content\/uploads\/Tayttoesimerkki-haul-300x100.png 300w\" sizes=\"auto, (max-width: 936px) 100vw, 936px\" \/><\/figure>\n","protected":false},"excerpt":{"rendered":"<p>Ohjeet ampumaratailmoituksen tekemiseen: Viranomainen vaatii radan omistajaa seuraamaan radan k\u00e4ytt\u00f6\u00e4. Laukausten m\u00e4\u00e4r\u00e4\u00e4 vuositasolla seurataan ja radanomistajan velvollisuuksiin kuuluu seurata, ett\u00e4 toteuma pysyy anotuissa rajoissa. Ratailmoitus kuuluu radan k\u00e4ytt\u00e4j\u00e4n velvollisuuksiin. T\u00e4yt\u00e4 lomake ja tiputa se t\u00e4ytettyn\u00e4 lukittuun (vasemmanpuoleiseen) laatikkoon. Tiedot on tarkoitettu ainoastaan ampumaradan omistajan (johtokunta) k\u00e4ytt\u00f6\u00f6n. Ratailmoituksista vastaa ampumaradan vastaavat henkil\u00f6t. Huomioithan, ett\u00e4 ampumaradan p\u00e4iv\u00e4kirjaa &hellip; <a href=\"https:\/\/www.iinmetsastysyhdistys.fi\/?page_id=1133\" class=\"more-link\">Jatka lukemista <span class=\"screen-reader-text\">Ratap\u00e4iv\u00e4kirja<\/span> <span class=\"meta-nav\">&rarr;<\/span><\/a><\/p>\n","protected":false},"author":2,"featured_media":0,"parent":0,"menu_order":0,"comment_status":"closed","ping_status":"closed","template":"","meta":{"footnotes":""},"class_list":["post-1133","page","type-page","status-publish","hentry"],"jetpack_sharing_enabled":true,"_links":{"self":[{"href":"https:\/\/www.iinmetsastysyhdistys.fi\/index.php?rest_route=\/wp\/v2\/pages\/1133","targetHints":{"allow":["GET"]}}],"collection":[{"href":"https:\/\/www.iinmetsastysyhdistys.fi\/index.php?rest_route=\/wp\/v2\/pages"}],"about":[{"href":"https:\/\/www.iinmetsastysyhdistys.fi\/index.php?rest_route=\/wp\/v2\/types\/page"}],"author":[{"embeddable":true,"href":"https:\/\/www.iinmetsastysyhdistys.fi\/index.php?rest_route=\/wp\/v2\/users\/2"}],"replies":[{"embeddable":true,"href":"https:\/\/www.iinmetsastysyhdistys.fi\/index.php?rest_route=%2Fwp%2Fv2%2Fcomments&post=1133"}],"version-history":[{"count":14,"href":"https:\/\/www.iinmetsastysyhdistys.fi\/index.php?rest_route=\/wp\/v2\/pages\/1133\/revisions"}],"predecessor-version":[{"id":1210,"href":"https:\/\/www.iinmetsastysyhdistys.fi\/index.php?rest_route=\/wp\/v2\/pages\/1133\/revisions\/1210"}],"wp:attachment":[{"href":"https:\/\/www.iinmetsastysyhdistys.fi\/index.php?rest_route=%2Fwp%2Fv2%2Fmedia&parent=1133"}],"curies":[{"name":"wp","href":"https:\/\/api.w.org\/{rel}","templated":true}]}}